{"id":337,"date":"2023-07-04T12:49:44","date_gmt":"2023-07-04T10:49:44","guid":{"rendered":"https:\/\/avancat.com\/home\/"},"modified":"2024-01-22T10:38:43","modified_gmt":"2024-01-22T09:38:43","slug":"home","status":"publish","type":"page","link":"https:\/\/avancat.com\/ca\/","title":{"rendered":"Home"},"content":{"rendered":"\t\t<div data-elementor-type=\"wp-page\" data-elementor-id=\"337\" class=\"elementor elementor-337 elementor-9\" data-elementor-post-type=\"page\">\n\t\t\t\t<div class=\"elementor-element elementor-element-4e34a9f e-flex e-con-boxed e-con e-parent\" data-id=\"4e34a9f\" data-element_type=\"container\">\n\t\t\t\t\t<div class=\"e-con-inner\">\n\t\t\t\t<div class=\"elementor-element elementor-element-0b9b6e0 elementor-widget__width-initial agl agl-wipeCSS agl-in-duration-1000 agl-in-delay-0 agl-in-distance-1 elementor-widget elementor-widget-heading\" data-id=\"0b9b6e0\" data-element_type=\"widget\" data-settings=\"{&quot;agl_in_name&quot;:&quot;wipeCSS&quot;,&quot;agl_in_duration&quot;:{&quot;unit&quot;:&quot;ms&quot;,&quot;size&quot;:1000,&quot;sizes&quot;:[]},&quot;agl_in_delay&quot;:{&quot;unit&quot;:&quot;ms&quot;,&quot;size&quot;:0,&quot;sizes&quot;:[]},&quot;agl_in_distance&quot;:{&quot;unit&quot;:&quot;ms&quot;,&quot;size&quot;:1,&quot;sizes&quot;:[]},&quot;agl_in_repeat&quot;:&quot;no&quot;,&quot;agl_in_lockToScrollbar&quot;:&quot;no&quot;}\" data-widget_type=\"heading.default\">\n\t\t\t\t<div class=\"elementor-widget-container\">\n\t\t\t<h1 class=\"elementor-heading-title elementor-size-default\">M\u00e9s de 20 anys\ncreixent al teu costat<\/h1>\t\t<\/div>\n\t\t\t\t<\/div>\n\t\t\t\t<div class=\"elementor-element elementor-element-1a8cbe8 elementor-widget__width-initial agl agl-wipeCSS agl-in-duration-1000 agl-in-delay-0 agl-in-distance-1 elementor-widget elementor-widget-text-editor\" data-id=\"1a8cbe8\" data-element_type=\"widget\" data-settings=\"{&quot;agl_in_name&quot;:&quot;wipeCSS&quot;,&quot;agl_in_duration&quot;:{&quot;unit&quot;:&quot;ms&quot;,&quot;size&quot;:1000,&quot;sizes&quot;:[]},&quot;agl_in_delay&quot;:{&quot;unit&quot;:&quot;ms&quot;,&quot;size&quot;:0,&quot;sizes&quot;:[]},&quot;agl_in_distance&quot;:{&quot;unit&quot;:&quot;ms&quot;,&quot;size&quot;:1,&quot;sizes&quot;:[]},&quot;agl_in_repeat&quot;:&quot;no&quot;,&quot;agl_in_lockToScrollbar&quot;:&quot;no&quot;}\" data-widget_type=\"text-editor.default\">\n\t\t\t\t<div class=\"elementor-widget-container\">\n\t\t\t\t\t\t\t<p>Gestionem la comptabilitat, les obligacions fiscals i laborals del teu negoci, treballant amb tu per assolir els teus objectius.<\/p>\n\t\t\t\t\t\t<\/div>\n\t\t\t\t<\/div>\n\t\t\t\t\t<\/div>\n\t\t\t\t<\/div>\n\t\t<div class=\"elementor-element elementor-element-77a6678 e-flex e-con-boxed agl agl-wipeCSS agl-in-duration-1500 agl-in-delay-0 agl-in-distance-1 e-con e-parent\" data-id=\"77a6678\" data-element_type=\"container\" data-settings=\"{&quot;agl_in_name&quot;:&quot;wipeCSS&quot;,&quot;agl_in_duration&quot;:{&quot;unit&quot;:&quot;ms&quot;,&quot;size&quot;:1500,&quot;sizes&quot;:[]},&quot;agl_in_delay&quot;:{&quot;unit&quot;:&quot;ms&quot;,&quot;size&quot;:0,&quot;sizes&quot;:[]},&quot;agl_in_distance&quot;:{&quot;unit&quot;:&quot;ms&quot;,&quot;size&quot;:1,&quot;sizes&quot;:[]},&quot;agl_in_repeat&quot;:&quot;no&quot;,&quot;agl_in_lockToScrollbar&quot;:&quot;no&quot;}\">\n\t\t\t\t\t<div class=\"e-con-inner\">\n\t\t\t\t<div class=\"elementor-element elementor-element-97463a8 elementor-widget elementor-widget-text-editor\" data-id=\"97463a8\" data-element_type=\"widget\" data-widget_type=\"text-editor.default\">\n\t\t\t\t<div class=\"elementor-widget-container\">\n\t\t\t\t\t\t\t<p>Som un equip de professionals t\u00e8cnics tributaris, t\u00e8cnics comptables, graduats socials i economistes amb experi\u00e8ncia demostrada a l&#8217;assessorament fiscal, comptable i laboral.<\/p>\n<p>Oferim un tracte personalitzat als nostres clients, perqu\u00e8 nom\u00e9s s&#8217;hagin de dedicar a les tasques de ger\u00e8ncia. Ens encarreguem de gestionar la comptabilitat, les obligacions fiscals i laborals proporcionant la informaci\u00f3 exacta sobre l&#8217;evoluci\u00f3 del negoci.<\/p>\n\t\t\t\t\t\t<\/div>\n\t\t\t\t<\/div>\n\t\t\t\t\t<\/div>\n\t\t\t\t<\/div>\n\t\t<div class=\"elementor-element elementor-element-9b62f75 e-con-full e-flex agl agl-wipeCSS agl-in-duration-1000 agl-in-delay-0 agl-in-distance-1 e-con e-parent\" data-id=\"9b62f75\" data-element_type=\"container\" data-settings=\"{&quot;agl_in_name&quot;:&quot;wipeCSS&quot;,&quot;agl_in_duration&quot;:{&quot;unit&quot;:&quot;ms&quot;,&quot;size&quot;:1000,&quot;sizes&quot;:[]},&quot;agl_in_delay&quot;:{&quot;unit&quot;:&quot;ms&quot;,&quot;size&quot;:0,&quot;sizes&quot;:[]},&quot;agl_in_distance&quot;:{&quot;unit&quot;:&quot;ms&quot;,&quot;size&quot;:1,&quot;sizes&quot;:[]},&quot;agl_in_repeat&quot;:&quot;no&quot;,&quot;agl_in_lockToScrollbar&quot;:&quot;no&quot;}\">\n\t\t<div class=\"elementor-element elementor-element-c2d02fa e-con-full elementor-hidden-mobile e-flex e-con e-child\" data-id=\"c2d02fa\" data-element_type=\"container\">\n\t\t\t\t<div class=\"elementor-element elementor-element-f9fa10e elementor-widget__width-auto e-transform elementor-widget elementor-widget-heading\" data-id=\"f9fa10e\" data-element_type=\"widget\" data-settings=\"{&quot;_transform_rotateZ_effect&quot;:{&quot;unit&quot;:&quot;px&quot;,&quot;size&quot;:180,&quot;sizes&quot;:[]},&quot;_transform_rotateZ_effect_tablet&quot;:{&quot;unit&quot;:&quot;deg&quot;,&quot;size&quot;:&quot;&quot;,&quot;sizes&quot;:[]},&quot;_transform_rotateZ_effect_mobile&quot;:{&quot;unit&quot;:&quot;deg&quot;,&quot;size&quot;:&quot;&quot;,&quot;sizes&quot;:[]}}\" data-widget_type=\"heading.default\">\n\t\t\t\t<div class=\"elementor-widget-container\">\n\t\t\t<h2 class=\"elementor-heading-title elementor-size-default\">Serveis<\/h2>\t\t<\/div>\n\t\t\t\t<\/div>\n\t\t\t\t<\/div>\n\t\t<div class=\"elementor-element elementor-element-da840b0 e-con-full e-flex e-con e-child\" data-id=\"da840b0\" data-element_type=\"container\">\n\t\t\t\t<div class=\"elementor-element elementor-element-e2a84d3 elementor-widget__width-auto elementor-widget elementor-widget-toggle\" data-id=\"e2a84d3\" data-element_type=\"widget\" data-widget_type=\"toggle.default\">\n\t\t\t\t<div class=\"elementor-widget-container\">\n\t\t\t\t\t<div class=\"elementor-toggle\">\n\t\t\t\t\t\t\t<div class=\"elementor-toggle-item\">\n\t\t\t\t\t<div id=\"elementor-tab-title-2371\" class=\"elementor-tab-title\" data-tab=\"1\" role=\"button\" aria-controls=\"elementor-tab-content-2371\" aria-expanded=\"false\">\n\t\t\t\t\t\t\t\t\t\t\t\t<span class=\"elementor-toggle-icon elementor-toggle-icon-right\" aria-hidden=\"true\">\n\t\t\t\t\t\t\t\t\t\t\t\t\t\t\t<span class=\"elementor-toggle-icon-closed\"><svg xmlns=\"http:\/\/www.w3.org\/2000\/svg\" xmlns:xlink=\"http:\/\/www.w3.org\/1999\/xlink\" xmlns:serif=\"http:\/\/www.serif.com\/\" width=\"100%\" height=\"100%\" viewBox=\"0 0 43 43\" xml:space=\"preserve\" style=\"fill-rule:evenodd;clip-rule:evenodd;stroke-linecap:round;stroke-linejoin:round;stroke-miterlimit:1.5;\">    <g transform=\"matrix(1,0,0,1,-943.287,-1254.44)\">        <g>            <g transform=\"matrix(0.183842,0,0,0.183842,598.192,1219.23)\">                <circle cx=\"1992.06\" cy=\"306.481\" r=\"112.214\" style=\"fill:white;stroke:rgb(0,61,76);stroke-width:5.44px;\"><\/circle>            <\/g>            <g transform=\"matrix(1.97258,0,0,1.97258,-3453.9,-1226.82)\">                <g transform=\"matrix(20,0,0,20,2246.47,1275.77)\">                <\/g>                <text x=\"2233.27px\" y=\"1275.77px\" style=\"font-family:'GeneralSans-Light', 'General Sans';font-weight:300;font-size:20px;fill:rgb(0,61,76);\">+<\/text>            <\/g>        <\/g>    <\/g><\/svg><\/span>\n\t\t\t\t\t\t\t\t<span class=\"elementor-toggle-icon-opened\"><svg xmlns=\"http:\/\/www.w3.org\/2000\/svg\" xmlns:xlink=\"http:\/\/www.w3.org\/1999\/xlink\" xmlns:serif=\"http:\/\/www.serif.com\/\" width=\"100%\" height=\"100%\" viewBox=\"0 0 43 43\" xml:space=\"preserve\" style=\"fill-rule:evenodd;clip-rule:evenodd;stroke-linecap:round;stroke-linejoin:round;stroke-miterlimit:1.5;\">    <g transform=\"matrix(1,0,0,1,-943.287,-1254.44)\">        <g>            <g transform=\"matrix(0.183842,0,0,0.183842,598.192,1219.23)\">                <circle cx=\"1992.06\" cy=\"306.481\" r=\"112.214\" style=\"fill:white;stroke:rgb(0,61,76);stroke-width:5.44px;\"><\/circle>            <\/g>            <g transform=\"matrix(1.97258,0,0,1.97258,-3453.9,-1230.34)\">                <g transform=\"matrix(20,0,0,20,2243.49,1275.77)\">                <\/g>                <text x=\"2236.25px\" y=\"1275.77px\" style=\"font-family:'GeneralSans-Light', 'General Sans';font-weight:300;font-size:20px;fill:rgb(0,61,76);\">-<\/text>            <\/g>        <\/g>    <\/g><\/svg><\/span>\n\t\t\t\t\t\t\t\t\t\t\t\t\t<\/span>\n\t\t\t\t\t\t\t\t\t\t\t\t<a class=\"elementor-toggle-title\" tabindex=\"0\">Fiscal<\/a>\n\t\t\t\t\t<\/div>\n\n\t\t\t\t\t<div id=\"elementor-tab-content-2371\" class=\"elementor-tab-content elementor-clearfix\" data-tab=\"1\" role=\"region\" aria-labelledby=\"elementor-tab-title-2371\"><p>Assessorament fiscal integral en temes relacionats amb l&#8217;Ag\u00e8ncia Tribut\u00e0ria per a empreses, pimes i aut\u00f2noms:<\/p>\n<ul>\n<li>Alta de l&#8217;impost d&#8217;activitat econ\u00f2mica.<\/li>\n<li>Declaracions trimestrals i mensuals.<\/li>\n<li>Declaracions anuals.<\/li>\n<li>Impostos sobre societats.<\/li>\n<li>Impostos sobre la renda de les persones f\u00edsiques i sobre el patrimoni.<\/li>\n<li>Requeriments, recursos i reclamacions.<\/li>\n<li>Assist\u00e8ncia t\u00e8cnica davant d&#8217;inspeccions.<\/li>\n<li>Revisi\u00f3 fiscal al domicili d&#8217;activitat.<\/li>\n<\/ul>\n<\/div>\n\t\t\t\t<\/div>\n\t\t\t\t\t\t\t<div class=\"elementor-toggle-item\">\n\t\t\t\t\t<div id=\"elementor-tab-title-2372\" class=\"elementor-tab-title\" data-tab=\"2\" role=\"button\" aria-controls=\"elementor-tab-content-2372\" aria-expanded=\"false\">\n\t\t\t\t\t\t\t\t\t\t\t\t<span class=\"elementor-toggle-icon elementor-toggle-icon-right\" aria-hidden=\"true\">\n\t\t\t\t\t\t\t\t\t\t\t\t\t\t\t<span class=\"elementor-toggle-icon-closed\"><svg xmlns=\"http:\/\/www.w3.org\/2000\/svg\" xmlns:xlink=\"http:\/\/www.w3.org\/1999\/xlink\" xmlns:serif=\"http:\/\/www.serif.com\/\" width=\"100%\" height=\"100%\" viewBox=\"0 0 43 43\" xml:space=\"preserve\" style=\"fill-rule:evenodd;clip-rule:evenodd;stroke-linecap:round;stroke-linejoin:round;stroke-miterlimit:1.5;\">    <g transform=\"matrix(1,0,0,1,-943.287,-1254.44)\">        <g>            <g transform=\"matrix(0.183842,0,0,0.183842,598.192,1219.23)\">                <circle cx=\"1992.06\" cy=\"306.481\" r=\"112.214\" style=\"fill:white;stroke:rgb(0,61,76);stroke-width:5.44px;\"><\/circle>            <\/g>            <g transform=\"matrix(1.97258,0,0,1.97258,-3453.9,-1226.82)\">                <g transform=\"matrix(20,0,0,20,2246.47,1275.77)\">                <\/g>                <text x=\"2233.27px\" y=\"1275.77px\" style=\"font-family:'GeneralSans-Light', 'General Sans';font-weight:300;font-size:20px;fill:rgb(0,61,76);\">+<\/text>            <\/g>        <\/g>    <\/g><\/svg><\/span>\n\t\t\t\t\t\t\t\t<span class=\"elementor-toggle-icon-opened\"><svg xmlns=\"http:\/\/www.w3.org\/2000\/svg\" xmlns:xlink=\"http:\/\/www.w3.org\/1999\/xlink\" xmlns:serif=\"http:\/\/www.serif.com\/\" width=\"100%\" height=\"100%\" viewBox=\"0 0 43 43\" xml:space=\"preserve\" style=\"fill-rule:evenodd;clip-rule:evenodd;stroke-linecap:round;stroke-linejoin:round;stroke-miterlimit:1.5;\">    <g transform=\"matrix(1,0,0,1,-943.287,-1254.44)\">        <g>            <g transform=\"matrix(0.183842,0,0,0.183842,598.192,1219.23)\">                <circle cx=\"1992.06\" cy=\"306.481\" r=\"112.214\" style=\"fill:white;stroke:rgb(0,61,76);stroke-width:5.44px;\"><\/circle>            <\/g>            <g transform=\"matrix(1.97258,0,0,1.97258,-3453.9,-1230.34)\">                <g transform=\"matrix(20,0,0,20,2243.49,1275.77)\">                <\/g>                <text x=\"2236.25px\" y=\"1275.77px\" style=\"font-family:'GeneralSans-Light', 'General Sans';font-weight:300;font-size:20px;fill:rgb(0,61,76);\">-<\/text>            <\/g>        <\/g>    <\/g><\/svg><\/span>\n\t\t\t\t\t\t\t\t\t\t\t\t\t<\/span>\n\t\t\t\t\t\t\t\t\t\t\t\t<a class=\"elementor-toggle-title\" tabindex=\"0\">Intrastat<\/a>\n\t\t\t\t\t<\/div>\n\n\t\t\t\t\t<div id=\"elementor-tab-content-2372\" class=\"elementor-tab-content elementor-clearfix\" data-tab=\"2\" role=\"region\" aria-labelledby=\"elementor-tab-title-2372\"><p>Assessorament fiscal integral en mat\u00e8ria d&#8217;Intrastat per a empreses, pimes i aut\u00f2noms:<br \/>-Obligacions estad\u00edstiques d&#8217;operacions intracomunit\u00e0ries de moviments de mercaderies. Intrastat.<br \/>\u2013 Declaraci\u00f3 recapitulativa d&#8217;operacions intracomunit\u00e0ries (Model 349)<\/p>\n<p>Qu\u00e8 \u00e9s Intrastat?<br \/>\u00c9s una normativa europea, enfocada a con\u00e8ixer les estad\u00edstiques de comer\u00e7 originades per tots els moviments de mercaderia, compra o venda, que fan tots els pa\u00efsos de la UE.<br \/>L&#8217;operador de comer\u00e7 exterior estar\u00e0 obligat a presentar declaraci\u00f3 en un flux determinat (expedici\u00f3\/introducci\u00f3) quan compleixi les condicions seg\u00fcents:<br \/>Ser subjecte passiu de l&#8217;impost sobre el valor afegit.<br \/>Haver fet operacions que suposin un moviment f\u00edsic de les mercaderies entre el territori estad\u00edstic espanyol i el d&#8217;altres estats membres de la Uni\u00f3 Europea i Irlanda del Nord.<br \/>Haver assolit un valor de les operacions realitzades el llindar d&#8217;exempci\u00f3 (400.000 euros), en el flux de qu\u00e8 es tracti, ja sigui l&#8217;any natural anterior o durant l&#8217;any en curs<br \/>El per\u00edode de presentaci\u00f3 \u00e9s fins al dia 12 del mes seg\u00fcent a qu\u00e8 es refereixen les operacions o, si aquest \u00e9s dissabte, diumenge o festiu, fins al primer dia h\u00e0bil seg\u00fcent.<\/p>\n<p>Qu\u00e8 \u00e9s el Model 349?<br \/>\u00c9s la declaraci\u00f3 informativa mensual o trimestral mitjan\u00e7ant la qual els aut\u00f2noms i les empreses detallen les seves operacions intracomunit\u00e0ries, \u00e9s a dir, aquelles compravendes de b\u00e9ns o serveis realitzades a una empresa o professional empla\u00e7at a un altre estat membre de la uni\u00f3 europea. <\/p>\n<\/div>\n\t\t\t\t<\/div>\n\t\t\t\t\t\t\t<div class=\"elementor-toggle-item\">\n\t\t\t\t\t<div id=\"elementor-tab-title-2373\" class=\"elementor-tab-title\" data-tab=\"3\" role=\"button\" aria-controls=\"elementor-tab-content-2373\" aria-expanded=\"false\">\n\t\t\t\t\t\t\t\t\t\t\t\t<span class=\"elementor-toggle-icon elementor-toggle-icon-right\" aria-hidden=\"true\">\n\t\t\t\t\t\t\t\t\t\t\t\t\t\t\t<span class=\"elementor-toggle-icon-closed\"><svg xmlns=\"http:\/\/www.w3.org\/2000\/svg\" xmlns:xlink=\"http:\/\/www.w3.org\/1999\/xlink\" xmlns:serif=\"http:\/\/www.serif.com\/\" width=\"100%\" height=\"100%\" viewBox=\"0 0 43 43\" xml:space=\"preserve\" style=\"fill-rule:evenodd;clip-rule:evenodd;stroke-linecap:round;stroke-linejoin:round;stroke-miterlimit:1.5;\">    <g transform=\"matrix(1,0,0,1,-943.287,-1254.44)\">        <g>            <g transform=\"matrix(0.183842,0,0,0.183842,598.192,1219.23)\">                <circle cx=\"1992.06\" cy=\"306.481\" r=\"112.214\" style=\"fill:white;stroke:rgb(0,61,76);stroke-width:5.44px;\"><\/circle>            <\/g>            <g transform=\"matrix(1.97258,0,0,1.97258,-3453.9,-1226.82)\">                <g transform=\"matrix(20,0,0,20,2246.47,1275.77)\">                <\/g>                <text x=\"2233.27px\" y=\"1275.77px\" style=\"font-family:'GeneralSans-Light', 'General Sans';font-weight:300;font-size:20px;fill:rgb(0,61,76);\">+<\/text>            <\/g>        <\/g>    <\/g><\/svg><\/span>\n\t\t\t\t\t\t\t\t<span class=\"elementor-toggle-icon-opened\"><svg xmlns=\"http:\/\/www.w3.org\/2000\/svg\" xmlns:xlink=\"http:\/\/www.w3.org\/1999\/xlink\" xmlns:serif=\"http:\/\/www.serif.com\/\" width=\"100%\" height=\"100%\" viewBox=\"0 0 43 43\" xml:space=\"preserve\" style=\"fill-rule:evenodd;clip-rule:evenodd;stroke-linecap:round;stroke-linejoin:round;stroke-miterlimit:1.5;\">    <g transform=\"matrix(1,0,0,1,-943.287,-1254.44)\">        <g>            <g transform=\"matrix(0.183842,0,0,0.183842,598.192,1219.23)\">                <circle cx=\"1992.06\" cy=\"306.481\" r=\"112.214\" style=\"fill:white;stroke:rgb(0,61,76);stroke-width:5.44px;\"><\/circle>            <\/g>            <g transform=\"matrix(1.97258,0,0,1.97258,-3453.9,-1230.34)\">                <g transform=\"matrix(20,0,0,20,2243.49,1275.77)\">                <\/g>                <text x=\"2236.25px\" y=\"1275.77px\" style=\"font-family:'GeneralSans-Light', 'General Sans';font-weight:300;font-size:20px;fill:rgb(0,61,76);\">-<\/text>            <\/g>        <\/g>    <\/g><\/svg><\/span>\n\t\t\t\t\t\t\t\t\t\t\t\t\t<\/span>\n\t\t\t\t\t\t\t\t\t\t\t\t<a class=\"elementor-toggle-title\" tabindex=\"0\">Comptable<\/a>\n\t\t\t\t\t<\/div>\n\n\t\t\t\t\t<div id=\"elementor-tab-content-2373\" class=\"elementor-tab-content elementor-clearfix\" data-tab=\"3\" role=\"region\" aria-labelledby=\"elementor-tab-title-2373\"><p>Assessorament integral en temes relacionats amb la supervisi\u00f3 i el control del cicle comptable i gestions amb el Registre Mercantil d&#8217;empreses, pimes i aut\u00f2noms:<\/p>\n<ul>\n<li>Seients comptables.<\/li>\n<li>Revisi\u00f3 i control dels estats financers.<\/li>\n<li>Tancaments de comptabilitat.<\/li>\n<li>Legalitzaci\u00f3 de llibres comptables.<\/li>\n<li>Dip\u00f2sit de comptes anuals.<\/li>\n<li>Confecci\u00f3 de llibres d&#8217;ingressos i despeses.<\/li>\n<li>Revisi\u00f3 comptable al domicili d&#8217;activitat.<\/li>\n<\/ul>\n<\/div>\n\t\t\t\t<\/div>\n\t\t\t\t\t\t\t<div class=\"elementor-toggle-item\">\n\t\t\t\t\t<div id=\"elementor-tab-title-2374\" class=\"elementor-tab-title\" data-tab=\"4\" role=\"button\" aria-controls=\"elementor-tab-content-2374\" aria-expanded=\"false\">\n\t\t\t\t\t\t\t\t\t\t\t\t<span class=\"elementor-toggle-icon elementor-toggle-icon-right\" aria-hidden=\"true\">\n\t\t\t\t\t\t\t\t\t\t\t\t\t\t\t<span class=\"elementor-toggle-icon-closed\"><svg xmlns=\"http:\/\/www.w3.org\/2000\/svg\" xmlns:xlink=\"http:\/\/www.w3.org\/1999\/xlink\" xmlns:serif=\"http:\/\/www.serif.com\/\" width=\"100%\" height=\"100%\" viewBox=\"0 0 43 43\" xml:space=\"preserve\" style=\"fill-rule:evenodd;clip-rule:evenodd;stroke-linecap:round;stroke-linejoin:round;stroke-miterlimit:1.5;\">    <g transform=\"matrix(1,0,0,1,-943.287,-1254.44)\">        <g>            <g transform=\"matrix(0.183842,0,0,0.183842,598.192,1219.23)\">                <circle cx=\"1992.06\" cy=\"306.481\" r=\"112.214\" style=\"fill:white;stroke:rgb(0,61,76);stroke-width:5.44px;\"><\/circle>            <\/g>            <g transform=\"matrix(1.97258,0,0,1.97258,-3453.9,-1226.82)\">                <g transform=\"matrix(20,0,0,20,2246.47,1275.77)\">                <\/g>                <text x=\"2233.27px\" y=\"1275.77px\" style=\"font-family:'GeneralSans-Light', 'General Sans';font-weight:300;font-size:20px;fill:rgb(0,61,76);\">+<\/text>            <\/g>        <\/g>    <\/g><\/svg><\/span>\n\t\t\t\t\t\t\t\t<span class=\"elementor-toggle-icon-opened\"><svg xmlns=\"http:\/\/www.w3.org\/2000\/svg\" xmlns:xlink=\"http:\/\/www.w3.org\/1999\/xlink\" xmlns:serif=\"http:\/\/www.serif.com\/\" width=\"100%\" height=\"100%\" viewBox=\"0 0 43 43\" xml:space=\"preserve\" style=\"fill-rule:evenodd;clip-rule:evenodd;stroke-linecap:round;stroke-linejoin:round;stroke-miterlimit:1.5;\">    <g transform=\"matrix(1,0,0,1,-943.287,-1254.44)\">        <g>            <g transform=\"matrix(0.183842,0,0,0.183842,598.192,1219.23)\">                <circle cx=\"1992.06\" cy=\"306.481\" r=\"112.214\" style=\"fill:white;stroke:rgb(0,61,76);stroke-width:5.44px;\"><\/circle>            <\/g>            <g transform=\"matrix(1.97258,0,0,1.97258,-3453.9,-1230.34)\">                <g transform=\"matrix(20,0,0,20,2243.49,1275.77)\">                <\/g>                <text x=\"2236.25px\" y=\"1275.77px\" style=\"font-family:'GeneralSans-Light', 'General Sans';font-weight:300;font-size:20px;fill:rgb(0,61,76);\">-<\/text>            <\/g>        <\/g>    <\/g><\/svg><\/span>\n\t\t\t\t\t\t\t\t\t\t\t\t\t<\/span>\n\t\t\t\t\t\t\t\t\t\t\t\t<a class=\"elementor-toggle-title\" tabindex=\"0\">Laboral<\/a>\n\t\t\t\t\t<\/div>\n\n\t\t\t\t\t<div id=\"elementor-tab-content-2374\" class=\"elementor-tab-content elementor-clearfix\" data-tab=\"4\" role=\"region\" aria-labelledby=\"elementor-tab-title-2374\"><p>Assessorament laboral integral en temes relacionats amb el dret del treball, la Seguretat Social i l&#8217;Administraci\u00f3 de personal:<\/p>\n<ul>\n<li>Inscripcions d&#8217;empreses, aut\u00f2noms i ocupadors de la llar.<\/li>\n<li>Afiliaci\u00f3 de treballadors.<\/li>\n<li>N\u00f2mines, costos salarials i assegurances socials.<\/li>\n<li>Baixes m\u00e8diques i accidents de treball.<\/li>\n<li>Baixes i acomiadaments.<\/li>\n<li>Obligacions tribut\u00e0ries en mat\u00e8ria laboral.<\/li>\n<li>Formaci\u00f3 bonificada.<\/li>\n<li>Pensions i prestacions.<\/li>\n<li>Inspeccions de treball.<\/li>\n<\/ul>\n<\/div>\n\t\t\t\t<\/div>\n\t\t\t\t\t\t\t<div class=\"elementor-toggle-item\">\n\t\t\t\t\t<div id=\"elementor-tab-title-2375\" class=\"elementor-tab-title\" data-tab=\"5\" role=\"button\" aria-controls=\"elementor-tab-content-2375\" aria-expanded=\"false\">\n\t\t\t\t\t\t\t\t\t\t\t\t<span class=\"elementor-toggle-icon elementor-toggle-icon-right\" aria-hidden=\"true\">\n\t\t\t\t\t\t\t\t\t\t\t\t\t\t\t<span class=\"elementor-toggle-icon-closed\"><svg xmlns=\"http:\/\/www.w3.org\/2000\/svg\" xmlns:xlink=\"http:\/\/www.w3.org\/1999\/xlink\" xmlns:serif=\"http:\/\/www.serif.com\/\" width=\"100%\" height=\"100%\" viewBox=\"0 0 43 43\" xml:space=\"preserve\" style=\"fill-rule:evenodd;clip-rule:evenodd;stroke-linecap:round;stroke-linejoin:round;stroke-miterlimit:1.5;\">    <g transform=\"matrix(1,0,0,1,-943.287,-1254.44)\">        <g>            <g transform=\"matrix(0.183842,0,0,0.183842,598.192,1219.23)\">                <circle cx=\"1992.06\" cy=\"306.481\" r=\"112.214\" style=\"fill:white;stroke:rgb(0,61,76);stroke-width:5.44px;\"><\/circle>            <\/g>            <g transform=\"matrix(1.97258,0,0,1.97258,-3453.9,-1226.82)\">                <g transform=\"matrix(20,0,0,20,2246.47,1275.77)\">                <\/g>                <text x=\"2233.27px\" y=\"1275.77px\" style=\"font-family:'GeneralSans-Light', 'General Sans';font-weight:300;font-size:20px;fill:rgb(0,61,76);\">+<\/text>            <\/g>        <\/g>    <\/g><\/svg><\/span>\n\t\t\t\t\t\t\t\t<span class=\"elementor-toggle-icon-opened\"><svg xmlns=\"http:\/\/www.w3.org\/2000\/svg\" xmlns:xlink=\"http:\/\/www.w3.org\/1999\/xlink\" xmlns:serif=\"http:\/\/www.serif.com\/\" width=\"100%\" height=\"100%\" viewBox=\"0 0 43 43\" xml:space=\"preserve\" style=\"fill-rule:evenodd;clip-rule:evenodd;stroke-linecap:round;stroke-linejoin:round;stroke-miterlimit:1.5;\">    <g transform=\"matrix(1,0,0,1,-943.287,-1254.44)\">        <g>            <g transform=\"matrix(0.183842,0,0,0.183842,598.192,1219.23)\">                <circle cx=\"1992.06\" cy=\"306.481\" r=\"112.214\" style=\"fill:white;stroke:rgb(0,61,76);stroke-width:5.44px;\"><\/circle>            <\/g>            <g transform=\"matrix(1.97258,0,0,1.97258,-3453.9,-1230.34)\">                <g transform=\"matrix(20,0,0,20,2243.49,1275.77)\">                <\/g>                <text x=\"2236.25px\" y=\"1275.77px\" style=\"font-family:'GeneralSans-Light', 'General Sans';font-weight:300;font-size:20px;fill:rgb(0,61,76);\">-<\/text>            <\/g>        <\/g>    <\/g><\/svg><\/span>\n\t\t\t\t\t\t\t\t\t\t\t\t\t<\/span>\n\t\t\t\t\t\t\t\t\t\t\t\t<a class=\"elementor-toggle-title\" tabindex=\"0\">I m\u00e9s<\/a>\n\t\t\t\t\t<\/div>\n\n\t\t\t\t\t<div id=\"elementor-tab-content-2375\" class=\"elementor-tab-content elementor-clearfix\" data-tab=\"5\" role=\"region\" aria-labelledby=\"elementor-tab-title-2375\"><ul>\n<li>Creaci\u00f3 d&#8217;empreses.<\/li>\n<li>Her\u00e8ncies.<\/li>\n<li>Donacions.<\/li>\n<li>Contractes d&#8217;habitatge.<\/li>\n<li>Tr\u00e0mits amb el Registre Mercantil i el Registre de la Propietat.<\/li>\n<li>Certificats digitals.<\/li>\n<li>Col\u00b7laboraci\u00f3 i derivaci\u00f3 amb serveis d&#8217;estrangeria, permisos de treball.<\/li>\n<li>Col\u00b7laboraci\u00f3 i derivaci\u00f3 amb serveis de Protecci\u00f3 de Dades.<\/li>\n<li>Col\u00b7laboraci\u00f3 i derivaci\u00f3 amb serveis de Prevenci\u00f3 de Riscos Laborals.<\/li>\n<\/ul>\n<\/div>\n\t\t\t\t<\/div>\n\t\t\t\t\t\t\t\t<\/div>\n\t\t\t\t<\/div>\n\t\t\t\t<\/div>\n\t\t\t\t<\/div>\n\t\t\t\t<\/div>\n\t\t\t\t<\/div>\n\t\t","protected":false},"excerpt":{"rendered":"<p>M\u00e9s de 20 anys creixent al teu costat Gestionem la comptabilitat, les obligacions fiscals i laborals del teu negoci, treballant amb tu per assolir els teus objectius. Som un equip de professionals t\u00e8cnics tributaris, t\u00e8cnics comptables, graduats socials i economistes amb experi\u00e8ncia demostrada a l&#8217;assessorament fiscal, comptable i laboral. Oferim un tracte personalitzat als nostres [&hellip;]<\/p>\n","protected":false},"author":1,"featured_media":0,"parent":0,"menu_order":0,"comment_status":"closed","ping_status":"closed","template":"","meta":{"rank_math_lock_modified_date":false,"footnotes":""},"class_list":["post-337","page","type-page","status-publish","hentry"],"_links":{"self":[{"href":"https:\/\/avancat.com\/ca\/wp-json\/wp\/v2\/pages\/337","targetHints":{"allow":["GET"]}}],"collection":[{"href":"https:\/\/avancat.com\/ca\/wp-json\/wp\/v2\/pages"}],"about":[{"href":"https:\/\/avancat.com\/ca\/wp-json\/wp\/v2\/types\/page"}],"author":[{"embeddable":true,"href":"https:\/\/avancat.com\/ca\/wp-json\/wp\/v2\/users\/1"}],"replies":[{"embeddable":true,"href":"https:\/\/avancat.com\/ca\/wp-json\/wp\/v2\/comments?post=337"}],"version-history":[{"count":12,"href":"https:\/\/avancat.com\/ca\/wp-json\/wp\/v2\/pages\/337\/revisions"}],"predecessor-version":[{"id":592,"href":"https:\/\/avancat.com\/ca\/wp-json\/wp\/v2\/pages\/337\/revisions\/592"}],"wp:attachment":[{"href":"https:\/\/avancat.com\/ca\/wp-json\/wp\/v2\/media?parent=337"}],"curies":[{"name":"wp","href":"https:\/\/api.w.org\/{rel}","templated":true}]}}