{"id":355,"date":"2023-07-06T11:03:53","date_gmt":"2023-07-06T09:03:53","guid":{"rendered":"https:\/\/avancat.com\/sobre-nosaltres\/"},"modified":"2024-10-02T15:28:38","modified_gmt":"2024-10-02T13:28:38","slug":"sobre-nosaltres","status":"publish","type":"page","link":"https:\/\/avancat.com\/ca\/sobre-nosaltres\/","title":{"rendered":"Sobre nosaltres"},"content":{"rendered":"\t\t<div data-elementor-type=\"wp-page\" data-elementor-id=\"355\" class=\"elementor elementor-355 elementor-178\" data-elementor-post-type=\"page\">\n\t\t\t\t<div class=\"elementor-element elementor-element-c0ca129 e-flex e-con-boxed e-con e-parent\" data-id=\"c0ca129\" data-element_type=\"container\" data-settings=\"{&quot;background_background&quot;:&quot;classic&quot;}\">\n\t\t\t\t\t<div class=\"e-con-inner\">\n\t\t<div class=\"elementor-element elementor-element-8a04593 e-con-full e-flex agl agl-wipeCSS agl-in-duration-1000 agl-in-delay-0 agl-in-distance-1 e-con e-child\" data-id=\"8a04593\" data-element_type=\"container\" data-settings=\"{&quot;agl_in_name&quot;:&quot;wipeCSS&quot;,&quot;agl_in_duration&quot;:{&quot;unit&quot;:&quot;ms&quot;,&quot;size&quot;:1000,&quot;sizes&quot;:[]},&quot;agl_in_delay&quot;:{&quot;unit&quot;:&quot;ms&quot;,&quot;size&quot;:0,&quot;sizes&quot;:[]},&quot;agl_in_distance&quot;:{&quot;unit&quot;:&quot;ms&quot;,&quot;size&quot;:1,&quot;sizes&quot;:[]},&quot;agl_in_repeat&quot;:&quot;no&quot;,&quot;agl_in_lockToScrollbar&quot;:&quot;no&quot;}\">\n\t\t\t\t<div class=\"elementor-element elementor-element-215d9c8 elementor-widget elementor-widget-heading\" data-id=\"215d9c8\" data-element_type=\"widget\" data-widget_type=\"heading.default\">\n\t\t\t\t<div class=\"elementor-widget-container\">\n\t\t\t<h1 class=\"elementor-heading-title elementor-size-default\">Sobre nosaltres<\/h1>\t\t<\/div>\n\t\t\t\t<\/div>\n\t\t\t\t<div class=\"elementor-element elementor-element-ea04b1f elementor-widget elementor-widget-text-editor\" data-id=\"ea04b1f\" data-element_type=\"widget\" data-widget_type=\"text-editor.default\">\n\t\t\t\t<div class=\"elementor-widget-container\">\n\t\t\t\t\t\t\t<p>Som un equip de professionals t\u00e8cnics tributaris, t\u00e8cnics comptables, graduats socials i economistes amb experi\u00e8ncia demostrada a l&#8217;assessorament fiscal, comptable i laboral.<\/p><p>Oferim un tractepersonalitzat als nostres clients, perqu\u00e8 nom\u00e9s s&#8217;hagin de dedicar a les tasques de ger\u00e8ncia. Ens encarreguem de gestionar la comptabilitat, les obligacions fiscals i laborals proporcionant la informaci\u00f3 exacta sobre l&#8217;evoluci\u00f3 del negoci.<\/p>\t\t\t\t\t\t<\/div>\n\t\t\t\t<\/div>\n\t\t\t\t<\/div>\n\t\t\t\t\t<\/div>\n\t\t\t\t<\/div>\n\t\t<div class=\"elementor-element elementor-element-ff83754 e-flex e-con-boxed e-con e-parent\" data-id=\"ff83754\" data-element_type=\"container\" data-settings=\"{&quot;sticky&quot;:&quot;top&quot;,&quot;sticky_on&quot;:[&quot;desktop&quot;,&quot;tablet&quot;,&quot;mobile&quot;],&quot;sticky_offset&quot;:0,&quot;sticky_effects_offset&quot;:0}\">\n\t\t\t\t\t<div class=\"e-con-inner\">\n\t\t\t\t<div class=\"elementor-element elementor-element-4b71748 elementor-widget elementor-widget-text-editor\" data-id=\"4b71748\" data-element_type=\"widget\" data-widget_type=\"text-editor.default\">\n\t\t\t\t<div class=\"elementor-widget-container\">\n\t\t\t\t\t\t\t<p>Junts formem un gran equip hum\u00e0 perqu\u00e8 gaudim compartint el nostre dia a dia, creixent junts personalment i professionalment. <br \/>Colze a colze, treballem intensament per brindar el millor servei als nostres clients des de fa ja m\u00e9s de vint anys i, com a m\u00ednim\u2026 per vint m\u00e9s!<\/p>\t\t\t\t\t\t<\/div>\n\t\t\t\t<\/div>\n\t\t\t\t\t<\/div>\n\t\t\t\t<\/div>\n\t\t<div class=\"elementor-element elementor-element-8765907 e-flex e-con-boxed e-con e-parent\" data-id=\"8765907\" data-element_type=\"container\">\n\t\t\t\t\t<div class=\"e-con-inner\">\n\t\t\t\t<div class=\"elementor-element elementor-element-802bea6 reviews-styles elementor-arrows-yes elementor-pagination-type-bullets elementor--star-style-star_fontawesome elementor-widget elementor-widget-reviews\" data-id=\"802bea6\" data-element_type=\"widget\" data-settings=\"{&quot;slides_per_view&quot;:&quot;1&quot;,&quot;lazyload&quot;:&quot;yes&quot;,&quot;space_between&quot;:{&quot;unit&quot;:&quot;px&quot;,&quot;size&quot;:40,&quot;sizes&quot;:[]},&quot;show_arrows&quot;:&quot;yes&quot;,&quot;pagination&quot;:&quot;bullets&quot;,&quot;speed&quot;:500,&quot;autoplay&quot;:&quot;yes&quot;,&quot;autoplay_speed&quot;:5000,&quot;loop&quot;:&quot;yes&quot;,&quot;pause_on_hover&quot;:&quot;yes&quot;,&quot;pause_on_interaction&quot;:&quot;yes&quot;,&quot;space_between_tablet&quot;:{&quot;unit&quot;:&quot;px&quot;,&quot;size&quot;:10,&quot;sizes&quot;:[]},&quot;space_between_mobile&quot;:{&quot;unit&quot;:&quot;px&quot;,&quot;size&quot;:10,&quot;sizes&quot;:[]}}\" data-widget_type=\"reviews.default\">\n\t\t\t\t<div class=\"elementor-widget-container\">\n\t\t\t\t\t<div class=\"elementor-swiper\">\n\t\t\t<div class=\"elementor-main-swiper swiper\">\n\t\t\t\t<div class=\"swiper-wrapper\">\n\t\t\t\t\t\t\t\t\t\t\t<div class=\"swiper-slide\">\n\t\t\t\t\t\t\t\t\t<div class=\"elementor-testimonial elementor-repeater-item-1273782\">\n\t\t\t\t\t\t\t<div class=\"elementor-testimonial__header\">\n\t\t\t\t\t\t\t\t\t\t<cite class=\"elementor-testimonial__cite\"><span class=\"elementor-testimonial__name\">Jorge Carrillo<\/span><span class=\"elementor-testimonial__title\">Gerent PYME<\/span><\/cite>\t\t\t\t\t<div class=\"elementor-testimonial__icon elementor-icon elementor-icon-\"><span class=\"elementor-screen-only\">Llegir m\u00e9s<\/span><\/div>\t\t\t\t<\/div>\n\t\t\t\t\t\t\t\t\t\t<div class=\"elementor-testimonial__content\">\n\t\t\t\t\t<div class=\"elementor-testimonial__text\">\n\t\t\t\t\t\t\"excel\u00b7lents professionals i tracte immillorable\"\t\t\t\t\t<\/div>\n\t\t\t\t<\/div>\n\t\t\t\t\t<\/div>\n\t\t\t\t\t\t\t\t<\/div>\n\t\t\t\t\t\t\t\t\t\t\t<div class=\"swiper-slide\">\n\t\t\t\t\t\t\t\t\t<div class=\"elementor-testimonial elementor-repeater-item-aa13d9e\">\n\t\t\t\t\t\t\t<div class=\"elementor-testimonial__header\">\n\t\t\t\t\t\t\t\t\t\t<cite class=\"elementor-testimonial__cite\"><span class=\"elementor-testimonial__name\">Jorge Carrillo<\/span><span class=\"elementor-testimonial__title\">Gerent PYME<\/span><\/cite>\t\t\t\t\t<div class=\"elementor-testimonial__icon elementor-icon elementor-icon-\"><span class=\"elementor-screen-only\">Llegir m\u00e9s<\/span><\/div>\t\t\t\t<\/div>\n\t\t\t\t\t\t\t\t\t\t<div class=\"elementor-testimonial__content\">\n\t\t\t\t\t<div class=\"elementor-testimonial__text\">\n\t\t\t\t\t\t\"excel\u00b7lents professionals i tracte immillorable\"\t\t\t\t\t<\/div>\n\t\t\t\t<\/div>\n\t\t\t\t\t<\/div>\n\t\t\t\t\t\t\t\t<\/div>\n\t\t\t\t\t\t\t\t\t\t\t<div class=\"swiper-slide\">\n\t\t\t\t\t\t\t\t\t<div class=\"elementor-testimonial elementor-repeater-item-751a675\">\n\t\t\t\t\t\t\t<div class=\"elementor-testimonial__header\">\n\t\t\t\t\t\t\t\t\t\t<cite class=\"elementor-testimonial__cite\"><span class=\"elementor-testimonial__name\">Jorge Carrillo<\/span><span class=\"elementor-testimonial__title\">Gerent PYME<\/span><\/cite>\t\t\t\t\t<div class=\"elementor-testimonial__icon elementor-icon elementor-icon-\"><span class=\"elementor-screen-only\">Llegir m\u00e9s<\/span><\/div>\t\t\t\t<\/div>\n\t\t\t\t\t\t\t\t\t\t<div class=\"elementor-testimonial__content\">\n\t\t\t\t\t<div class=\"elementor-testimonial__text\">\n\t\t\t\t\t\t\"excel\u00b7lents professionals i tracte immillorable\"\t\t\t\t\t<\/div>\n\t\t\t\t<\/div>\n\t\t\t\t\t<\/div>\n\t\t\t\t\t\t\t\t<\/div>\n\t\t\t\t\t\t\t\t\t<\/div>\n\t\t\t\t\t\t\t\t\t\t\t\t\t\t\t<div class=\"swiper-pagination\"><\/div>\n\t\t\t\t\t\t\t\t\t\t\t\t\t\t\t\t<div class=\"elementor-swiper-button elementor-swiper-button-prev\" role=\"button\" tabindex=\"0\">\n\t\t\t\t\t\t\t<i aria-hidden=\"true\" class=\"eicon-chevron-left\"><\/i>\t\t\t\t\t\t\t<span class=\"elementor-screen-only\">Previous<\/span>\n\t\t\t\t\t\t<\/div>\n\t\t\t\t\t\t<div class=\"elementor-swiper-button elementor-swiper-button-next\" role=\"button\" tabindex=\"0\">\n\t\t\t\t\t\t\t<i aria-hidden=\"true\" class=\"eicon-chevron-right\"><\/i>\t\t\t\t\t\t\t<span class=\"elementor-screen-only\">Next<\/span>\n\t\t\t\t\t\t<\/div>\n\t\t\t\t\t\t\t\t\t\t\t\t<\/div>\n\t\t<\/div>\n\t\t\t\t<\/div>\n\t\t\t\t<\/div>\n\t\t\t\t\t<\/div>\n\t\t\t\t<\/div>\n\t\t\t\t<\/div>\n\t\t","protected":false},"excerpt":{"rendered":"<p>Sobre nosaltres Som un equip de professionals t\u00e8cnics tributaris, t\u00e8cnics comptables, graduats socials i economistes amb experi\u00e8ncia demostrada a l&#8217;assessorament fiscal, comptable i laboral. Oferim un tractepersonalitzat als nostres clients, perqu\u00e8 nom\u00e9s s&#8217;hagin de dedicar a les tasques de ger\u00e8ncia. Ens encarreguem de gestionar la comptabilitat, les obligacions fiscals i laborals proporcionant la informaci\u00f3 exacta [&hellip;]<\/p>\n","protected":false},"author":1,"featured_media":0,"parent":0,"menu_order":0,"comment_status":"closed","ping_status":"closed","template":"","meta":{"rank_math_lock_modified_date":false,"footnotes":""},"class_list":["post-355","page","type-page","status-publish","hentry"],"_links":{"self":[{"href":"https:\/\/avancat.com\/ca\/wp-json\/wp\/v2\/pages\/355","targetHints":{"allow":["GET"]}}],"collection":[{"href":"https:\/\/avancat.com\/ca\/wp-json\/wp\/v2\/pages"}],"about":[{"href":"https:\/\/avancat.com\/ca\/wp-json\/wp\/v2\/types\/page"}],"author":[{"embeddable":true,"href":"https:\/\/avancat.com\/ca\/wp-json\/wp\/v2\/users\/1"}],"replies":[{"embeddable":true,"href":"https:\/\/avancat.com\/ca\/wp-json\/wp\/v2\/comments?post=355"}],"version-history":[{"count":17,"href":"https:\/\/avancat.com\/ca\/wp-json\/wp\/v2\/pages\/355\/revisions"}],"predecessor-version":[{"id":658,"href":"https:\/\/avancat.com\/ca\/wp-json\/wp\/v2\/pages\/355\/revisions\/658"}],"wp:attachment":[{"href":"https:\/\/avancat.com\/ca\/wp-json\/wp\/v2\/media?parent=355"}],"curies":[{"name":"wp","href":"https:\/\/api.w.org\/{rel}","templated":true}]}}