{"id":562,"date":"2023-07-20T09:43:11","date_gmt":"2023-07-20T07:43:11","guid":{"rendered":"https:\/\/avancat.com\/accessibilitat\/"},"modified":"2023-11-23T17:00:22","modified_gmt":"2023-11-23T16:00:22","slug":"accessibilitat","status":"publish","type":"page","link":"https:\/\/avancat.com\/ca\/accessibilitat\/","title":{"rendered":"Accessibilitat"},"content":{"rendered":"\n<p><strong>Avan\u00e7a&#8217;t Associats Fiscal i Laboral, S.L.<\/strong> s&#8217;ha comprom\u00e8s a fer accessibles els seus webs de conformitat amb el Reial Decret 1112\/2018, de 7 de setembre, sobre accessibilitat dels llocs web i aplicacions per a dispositius m\u00f2bils del sector p\u00fablic (d&#8217;ara endavant, Reial Decret 1112\/2018, de 7 de setembre). Aquesta declaraci\u00f3 d&#8217;accessibilitat s&#8217;aplica a la web: <strong>https:\/\/avancat.com\/<\/strong><\/p>\n\n<h2 class=\"wp-block-heading\">Normativa associada<\/h2>\n\n<p>Reial Decret 1112\/2018, de 7 de setembre, sobre accessibilitat dels llocs webs i aplicacions per a dispositius m\u00f2bils del sector p\u00fablic<br\/>Directiva (UE) 2016\/2102 del Parlament Europeu i del Consell, del 26 d&#8217;octubre sobre l&#8217;accessibilitat dels llocs web i aplicacions per a dispositius m\u00f2bils dels organismes del sector p\u00fablic.<\/p>\n\n<h2 class=\"wp-block-heading\">Preparaci\u00f3 d&#8217;aquesta declaraci\u00f3 d&#8217;accessibilitat<\/h2>\n\n<p>Aquesta declaraci\u00f3 va ser preparada el <strong>19 de juliol de 2023<\/strong><\/p>\n\n<p>El m\u00e8tode utilitzat per preparar la declaraci\u00f3 ha estat una autoavaluaci\u00f3 duta a terme pel mateix organisme.<\/p>\n\n<p>\u00daltima revisi\u00f3 de la declaraci\u00f3: 19 de juliol de 2023.<\/p>\n\n<p>Per a qualsevol dubte o pregunta, contacta amb <strong>avancat@avancat.com<\/strong><\/p>\n","protected":false},"excerpt":{"rendered":"<p>Avan\u00e7a&#8217;t Associats Fiscal i Laboral, S.L. s&#8217;ha comprom\u00e8s a fer accessibles els seus webs de conformitat amb el Reial Decret 1112\/2018, de 7 de setembre, sobre accessibilitat dels llocs web i aplicacions per a dispositius m\u00f2bils del sector p\u00fablic (d&#8217;ara endavant, Reial Decret 1112\/2018, de 7 de setembre). Aquesta declaraci\u00f3 d&#8217;accessibilitat s&#8217;aplica a la web: [&hellip;]<\/p>\n","protected":false},"author":1,"featured_media":0,"parent":0,"menu_order":0,"comment_status":"closed","ping_status":"closed","template":"","meta":{"rank_math_lock_modified_date":false,"footnotes":""},"class_list":["post-562","page","type-page","status-publish","hentry"],"_links":{"self":[{"href":"https:\/\/avancat.com\/ca\/wp-json\/wp\/v2\/pages\/562","targetHints":{"allow":["GET"]}}],"collection":[{"href":"https:\/\/avancat.com\/ca\/wp-json\/wp\/v2\/pages"}],"about":[{"href":"https:\/\/avancat.com\/ca\/wp-json\/wp\/v2\/types\/page"}],"author":[{"embeddable":true,"href":"https:\/\/avancat.com\/ca\/wp-json\/wp\/v2\/users\/1"}],"replies":[{"embeddable":true,"href":"https:\/\/avancat.com\/ca\/wp-json\/wp\/v2\/comments?post=562"}],"version-history":[{"count":1,"href":"https:\/\/avancat.com\/ca\/wp-json\/wp\/v2\/pages\/562\/revisions"}],"predecessor-version":[{"id":563,"href":"https:\/\/avancat.com\/ca\/wp-json\/wp\/v2\/pages\/562\/revisions\/563"}],"wp:attachment":[{"href":"https:\/\/avancat.com\/ca\/wp-json\/wp\/v2\/media?parent=562"}],"curies":[{"name":"wp","href":"https:\/\/api.w.org\/{rel}","templated":true}]}}